{"id":11,"date":"2017-04-28T22:16:31","date_gmt":"2017-04-28T20:16:31","guid":{"rendered":"http:\/\/fritesfraichesclatot.com\/?page_id=11"},"modified":"2019-02-11T14:27:33","modified_gmt":"2019-02-11T13:27:33","slug":"produits","status":"publish","type":"page","link":"https:\/\/fritesfraichesclatot.com\/index.php\/produits\/","title":{"rendered":"Produits"},"content":{"rendered":"<h4><strong>La pomme de terre dans tous ses \u00e9tats<\/strong><\/h4>\n<p>La pomme de terre utilis\u00e9e est reconnue pour son go\u00fbt, sa chair et sa qualit\u00e9 culinaire.<br \/>\nC&rsquo;est une vari\u00e9t\u00e9 faite pour les frites, les pur\u00e9es et les potages.<br \/>\nVari\u00e9t\u00e9 qui se conserve toute l&rsquo;ann\u00e9e.<\/p>\n<p>Nos produits sont vendus en conditionnement de 1 \/ 2,5 \/ 5 et 10 Kg.<\/p>\n<p>Elle se conserve 8 jours entre +1\u00b0 et +4\u00b0, apr\u00e8s ouverture, utilisez rapidement le produit ou le plonger dans l&rsquo;eau.<\/p>\n<p style=\"text-align: center;\"><strong>Nos Produits :<\/strong><\/p>\n<p><strong>Pomme de terre enti\u00e8res<\/strong><br \/>\n<a href=\"https:\/\/fritesfraichesclatot.com\/wp-content\/uploads\/2017\/04\/pdt-ent-e1493492222118.jpg\"><img loading=\"lazy\" decoding=\"async\" class=\"wp-image-28 size-medium alignleft\" src=\"https:\/\/fritesfraichesclatot.com\/wp-content\/uploads\/2017\/04\/pdt-ent-300x199.jpg\" alt=\"\" width=\"300\" height=\"199\" \/><\/a><\/p>\n<ul>\n<li>Pur\u00e9es<\/li>\n<li>Hachis Parmentier<\/li>\n<li>Pommes de terre vapeur<\/li>\n<li>Pommes de terre en papillote<\/li>\n<li>\u00a0&#8230;<\/li>\n<\/ul>\n<p>&nbsp;<\/p>\n<p>&nbsp;<\/p>\n<p><strong>Frites 10 x 10<br \/>\n<\/strong><a href=\"https:\/\/fritesfraichesclatot.com\/wp-content\/uploads\/2017\/04\/frites.jpg\"><img loading=\"lazy\" decoding=\"async\" class=\"size-medium wp-image-241 alignleft\" src=\"https:\/\/fritesfraichesclatot.com\/wp-content\/uploads\/2017\/04\/frites-300x225.jpg\" alt=\"\" width=\"300\" height=\"225\" srcset=\"https:\/\/fritesfraichesclatot.com\/wp-content\/uploads\/2017\/04\/frites-300x225.jpg 300w, https:\/\/fritesfraichesclatot.com\/wp-content\/uploads\/2017\/04\/frites-768x576.jpg 768w, https:\/\/fritesfraichesclatot.com\/wp-content\/uploads\/2017\/04\/frites-1024x768.jpg 1024w\" sizes=\"auto, (max-width: 300px) 100vw, 300px\" \/><\/a><\/p>\n<ul>\n<li>pour accompagner<\/li>\n<li>Viandes<\/li>\n<li>Omelettes<\/li>\n<li>Moules<\/li>\n<li>&#8230;<\/li>\n<\/ul>\n<p>&nbsp;<\/p>\n<p>&nbsp;<\/p>\n<p style=\"text-align: left;\"><strong>Eminc\u00e9es en lamelles 6mm<\/strong><br \/>\n<a href=\"https:\/\/fritesfraichesclatot.com\/wp-content\/uploads\/2017\/04\/pdt-rond-e1493492256245.jpg\"><img loading=\"lazy\" decoding=\"async\" class=\"wp-image-29 size-medium alignleft\" src=\"https:\/\/fritesfraichesclatot.com\/wp-content\/uploads\/2017\/04\/pdt-rond-300x199.jpg\" alt=\"\" width=\"300\" height=\"199\" \/><\/a><\/p>\n<ul>\n<li style=\"text-align: left;\">Gratin dauphinois<\/li>\n<li style=\"text-align: left;\">Tartiflette<\/li>\n<li style=\"text-align: left;\">\u00a0&#8230;<\/li>\n<\/ul>\n<p>&nbsp;<\/p>\n<h3><\/h3>\n","protected":false},"excerpt":{"rendered":"<p>La pomme de terre dans tous ses \u00e9tats La pomme de terre utilis\u00e9e est reconnue pour son go\u00fbt, sa chair et sa qualit\u00e9 culinaire. C&rsquo;est une vari\u00e9t\u00e9 faite pour les frites, les pur\u00e9es et les potages. Vari\u00e9t\u00e9 qui se conserve toute l&rsquo;ann\u00e9e. Nos produits sont vendus en conditionnement de 1 [&hellip;]<\/p>\n","protected":false},"author":1,"featured_media":0,"parent":0,"menu_order":0,"comment_status":"closed","ping_status":"closed","template":"","meta":{"_monsterinsights_skip_tracking":false,"_monsterinsights_sitenote_active":false,"_monsterinsights_sitenote_note":"","_monsterinsights_sitenote_category":0,"footnotes":""},"class_list":["post-11","page","type-page","status-publish","hentry"],"_links":{"self":[{"href":"https:\/\/fritesfraichesclatot.com\/index.php\/wp-json\/wp\/v2\/pages\/11","targetHints":{"allow":["GET"]}}],"collection":[{"href":"https:\/\/fritesfraichesclatot.com\/index.php\/wp-json\/wp\/v2\/pages"}],"about":[{"href":"https:\/\/fritesfraichesclatot.com\/index.php\/wp-json\/wp\/v2\/types\/page"}],"author":[{"embeddable":true,"href":"https:\/\/fritesfraichesclatot.com\/index.php\/wp-json\/wp\/v2\/users\/1"}],"replies":[{"embeddable":true,"href":"https:\/\/fritesfraichesclatot.com\/index.php\/wp-json\/wp\/v2\/comments?post=11"}],"version-history":[{"count":29,"href":"https:\/\/fritesfraichesclatot.com\/index.php\/wp-json\/wp\/v2\/pages\/11\/revisions"}],"predecessor-version":[{"id":620,"href":"https:\/\/fritesfraichesclatot.com\/index.php\/wp-json\/wp\/v2\/pages\/11\/revisions\/620"}],"wp:attachment":[{"href":"https:\/\/fritesfraichesclatot.com\/index.php\/wp-json\/wp\/v2\/media?parent=11"}],"curies":[{"name":"wp","href":"https:\/\/api.w.org\/{rel}","templated":true}]}}