{"id":186,"date":"2017-08-22T14:05:25","date_gmt":"2017-08-22T12:05:25","guid":{"rendered":"http:\/\/fritesfraichesclatot.com\/index.php\/hestia-front\/"},"modified":"2017-08-26T10:20:26","modified_gmt":"2017-08-26T08:20:26","slug":"hestia-front","status":"publish","type":"page","link":"https:\/\/fritesfraichesclatot.com\/","title":{"rendered":"Front Page"},"content":{"rendered":"<p style=\"text-align: center\">Du producteur au consommateur.<\/p>\n<p style=\"text-align: center\">Agricultrice depuis 1993, sp\u00e9cialis\u00e9 dans la production de la pomme de terre depuis 1996.<\/p>\n<p style=\"text-align: center\">Producteurs et transformateurs.<\/p>\n<p style=\"text-align: center\">Nous transformons notre production depuis juin 2017, en mettant en \u0153uvre un suivi rigoureux de la production \u00e0 la transformation.<\/p>\n<p style=\"text-align: center\">Travail effectu\u00e9 selon le r\u00e9f\u00e9rentiel : GLOBALGAP.<\/p>\n<p style=\"text-align: center\">Notre philosophie est de rester une entreprise familiale \u00e0 l&rsquo;\u00e9coute de nos clients.<\/p>\n","protected":false},"excerpt":{"rendered":"<p>Du producteur au consommateur. Agricultrice depuis 1993, sp\u00e9cialis\u00e9 dans la production de la pomme de terre depuis 1996. Producteurs et transformateurs. Nous transformons notre production depuis juin 2017, en mettant en \u0153uvre un suivi rigoureux de la production \u00e0 la transformation. Travail effectu\u00e9 selon le r\u00e9f\u00e9rentiel : GLOBALGAP. Notre philosophie [&hellip;]<\/p>\n","protected":false},"author":1,"featured_media":0,"parent":0,"menu_order":0,"comment_status":"closed","ping_status":"closed","template":"","meta":{"_monsterinsights_skip_tracking":false,"_monsterinsights_sitenote_active":false,"_monsterinsights_sitenote_note":"","_monsterinsights_sitenote_category":0,"footnotes":""},"class_list":["post-186","page","type-page","status-publish","hentry"],"_links":{"self":[{"href":"https:\/\/fritesfraichesclatot.com\/index.php\/wp-json\/wp\/v2\/pages\/186","targetHints":{"allow":["GET"]}}],"collection":[{"href":"https:\/\/fritesfraichesclatot.com\/index.php\/wp-json\/wp\/v2\/pages"}],"about":[{"href":"https:\/\/fritesfraichesclatot.com\/index.php\/wp-json\/wp\/v2\/types\/page"}],"author":[{"embeddable":true,"href":"https:\/\/fritesfraichesclatot.com\/index.php\/wp-json\/wp\/v2\/users\/1"}],"replies":[{"embeddable":true,"href":"https:\/\/fritesfraichesclatot.com\/index.php\/wp-json\/wp\/v2\/comments?post=186"}],"version-history":[{"count":4,"href":"https:\/\/fritesfraichesclatot.com\/index.php\/wp-json\/wp\/v2\/pages\/186\/revisions"}],"predecessor-version":[{"id":207,"href":"https:\/\/fritesfraichesclatot.com\/index.php\/wp-json\/wp\/v2\/pages\/186\/revisions\/207"}],"wp:attachment":[{"href":"https:\/\/fritesfraichesclatot.com\/index.php\/wp-json\/wp\/v2\/media?parent=186"}],"curies":[{"name":"wp","href":"https:\/\/api.w.org\/{rel}","templated":true}]}}